{"id":7,"date":"2023-06-01T20:44:05","date_gmt":"2023-06-01T20:44:05","guid":{"rendered":"https:\/\/reddragonmx.com\/?page_id=7"},"modified":"2023-06-13T19:39:12","modified_gmt":"2023-06-13T19:39:12","slug":"nosotros","status":"publish","type":"page","link":"https:\/\/reddragonmx.com\/index.php\/nosotros\/","title":{"rendered":"Nosotros"},"content":{"rendered":"\n<div class=\"wp-block-cover alignfull has-parallax\" style=\"min-height:484px\"><span aria-hidden=\"true\" class=\"wp-block-cover__background has-nv-dark-bg-background-color has-background-dim-60 has-background-dim\"><\/span><div role=\"img\" class=\"wp-block-cover__image-background wp-image-425 has-parallax\" style=\"background-position:50% 50%;background-image:url(https:\/\/reddragonmx.com\/wp-content\/uploads\/2023\/06\/IMG_3826-copia-scaled.jpg)\"><\/div><div class=\"wp-block-cover__inner-container is-layout-flow wp-block-cover-is-layout-flow\">\n<div class=\"wp-block-group is-layout-flow wp-block-group-is-layout-flow\"><div class=\"wp-block-group__inner-container\">\n<div class=\"wp-block-columns are-vertically-aligned-center is-layout-flex wp-container-3 wp-block-columns-is-layout-flex\">\n<div class=\"wp-block-column is-vertically-aligned-center is-layout-flow wp-block-column-is-layout-flow\" style=\"flex-basis:50%\">\n<div style=\"height:55px\" aria-hidden=\"true\" class=\"wp-block-spacer\"><\/div>\n\n\n\n<h2 class=\"wp-block-heading has-text-align-left has-nv-site-bg-color has-text-color\">Listos para conquistar los mares comerciales y traer los tesoros de Asia a M\u00e9xico.<\/h2>\n<\/div>\n\n\n\n<div class=\"wp-block-column is-layout-flow wp-block-column-is-layout-flow\" style=\"flex-basis:50%\"><\/div>\n<\/div>\n<\/div><\/div>\n\n\n\n<div style=\"height:45px\" aria-hidden=\"true\" class=\"wp-block-spacer\"><\/div>\n<\/div><\/div>\n\n\n\n<div class=\"wp-block-cover\"><span aria-hidden=\"true\" class=\"wp-block-cover__background has-nv-text-dark-bg-background-color has-background-dim-100 has-background-dim\"><\/span><div class=\"wp-block-cover__inner-container is-layout-flow wp-block-cover-is-layout-flow\">\n<p class=\"has-text-align-center has-large-font-size\"><\/p>\n\n\n\n<h4 class=\"wp-block-heading has-nv-dark-bg-color has-text-color\" style=\"font-style:normal;font-weight:400\">Hace seis a\u00f1os, en medio de un mundo en constante cambio, naci\u00f3 Red Dragon. Nos levantamos como una respuesta valiente y audaz a la creciente necesidad de facilitar la apertura del mercado chino en M\u00e9xico. En ese momento, vimos una oportunidad clara: conectar dos naciones poderosas.<\/h4>\n\n\n\n<div style=\"height:20px\" aria-hidden=\"true\" class=\"wp-block-spacer\"><\/div>\n\n\n\n<h2 class=\"wp-block-heading has-neve-link-color-color has-text-color\">Nuestro enfoque se basa en:<\/h2>\n\n\n\n<div class=\"wp-block-columns is-layout-flex wp-container-9 wp-block-columns-is-layout-flex\">\n<div class=\"wp-block-column ticss-4ce656f1 is-layout-flow wp-block-column-is-layout-flow\">\n<figure class=\"wp-block-image size-full is-resized icon-style is-style-rounded\"><img decoding=\"async\" loading=\"lazy\" src=\"https:\/\/reddragonmx.com\/wp-content\/uploads\/2023\/06\/calidad.png\" alt=\"\" class=\"wp-image-440\" width=\"50\" height=\"50\" srcset=\"https:\/\/reddragonmx.com\/wp-content\/uploads\/2023\/06\/calidad.png 512w, https:\/\/reddragonmx.com\/wp-content\/uploads\/2023\/06\/calidad-300x300.png 300w, https:\/\/reddragonmx.com\/wp-content\/uploads\/2023\/06\/calidad-150x150.png 150w\" sizes=\"(max-width: 50px) 100vw, 50px\" \/><\/figure>\n\n\n\n<div style=\"height:24px\" aria-hidden=\"true\" class=\"wp-block-spacer\"><\/div>\n\n\n\n<h3 class=\"wp-block-heading has-text-align-left has-text-align-center has-neve-text-color-color has-text-color\">Calidad<\/h3>\n\n\n\n<p class=\"has-text-align-left has-neve-text-color-color has-text-color\" style=\"font-size:15px\">Desde la atenci\u00f3n a clientes hasta la entrega de tus productos o servicios contratados, nuestra misi\u00f3n es que recibas un servicio de gran calidad que sea beneficioso para tu negocio.<\/p>\n\n\n\n<div style=\"height:20px\" aria-hidden=\"true\" class=\"wp-block-spacer\"><\/div>\n<\/div>\n\n\n\n<div class=\"wp-block-column ticss-f6fc7494 is-layout-flow wp-block-column-is-layout-flow\">\n<figure class=\"wp-block-image size-full is-resized icon-style is-style-default\"><img decoding=\"async\" loading=\"lazy\" src=\"https:\/\/reddragonmx.com\/wp-content\/uploads\/2023\/06\/apreton-de-manos.png\" alt=\"\" class=\"wp-image-441\" width=\"50\" height=\"50\" srcset=\"https:\/\/reddragonmx.com\/wp-content\/uploads\/2023\/06\/apreton-de-manos.png 512w, https:\/\/reddragonmx.com\/wp-content\/uploads\/2023\/06\/apreton-de-manos-300x300.png 300w, https:\/\/reddragonmx.com\/wp-content\/uploads\/2023\/06\/apreton-de-manos-150x150.png 150w\" sizes=\"(max-width: 50px) 100vw, 50px\" \/><\/figure>\n\n\n\n<div style=\"height:24px\" aria-hidden=\"true\" class=\"wp-block-spacer\"><\/div>\n\n\n\n<h3 class=\"wp-block-heading has-text-align-left has-text-align-center has-neve-text-color-color has-text-color\">Confianza<\/h3>\n\n\n\n<p class=\"has-text-align-left has-neve-text-color-color has-text-color\" style=\"font-size:15px\">Claros y transparantes desde un inicio. Tendr\u00e1s la certeza de que todos nuestros servicios son personalizados y acorde a las necesidades de tu empresa.<\/p>\n\n\n\n<div style=\"height:20px\" aria-hidden=\"true\" class=\"wp-block-spacer\"><\/div>\n<\/div>\n\n\n\n<div class=\"wp-block-column ticss-a5b4df29 is-layout-flow wp-block-column-is-layout-flow\">\n<figure class=\"wp-block-image size-full is-resized icon-style is-style-default\"><img decoding=\"async\" src=\"https:\/\/reddragonmx.com\/wp-content\/uploads\/2023\/06\/objetivo.png\" alt=\"\" class=\"wp-image-442\" width=\"50\" srcset=\"https:\/\/reddragonmx.com\/wp-content\/uploads\/2023\/06\/objetivo.png 512w, https:\/\/reddragonmx.com\/wp-content\/uploads\/2023\/06\/objetivo-300x300.png 300w, https:\/\/reddragonmx.com\/wp-content\/uploads\/2023\/06\/objetivo-150x150.png 150w\" sizes=\"(max-width: 512px) 100vw, 512px\" \/><\/figure>\n\n\n\n<div style=\"height:24px\" aria-hidden=\"true\" class=\"wp-block-spacer\"><\/div>\n\n\n\n<h3 class=\"wp-block-heading has-text-align-left has-text-align-center has-neve-text-color-color has-text-color\">Visi\u00f3n<\/h3>\n\n\n\n<p class=\"has-text-align-left has-neve-text-color-color has-text-color\" style=\"font-size:15px\">Inteligencia comercial y de negocios. Siempre contaras con el apoyo para adquirir el producto que deseas, sin importar el tama\u00f1o, especificaciones o precios.<\/p>\n\n\n\n<div style=\"height:20px\" aria-hidden=\"true\" class=\"wp-block-spacer\"><\/div>\n<\/div>\n<\/div>\n<\/div><\/div>\n\n\n\n<div class=\"wp-block-cover alignfull\" style=\"min-height:152px\"><span aria-hidden=\"true\" class=\"wp-block-cover__background has-neve-link-hover-color-background-color has-background-dim-100 has-background-dim\"><\/span><div class=\"wp-block-cover__inner-container is-layout-flow wp-block-cover-is-layout-flow\">\n<div style=\"height:15px\" aria-hidden=\"true\" class=\"wp-block-spacer\"><\/div>\n\n\n\n<h2 class=\"wp-block-heading has-text-align-center\" style=\"font-size:28px\">Estableciendo puentes comerciales que impulsan el crecimiento econ\u00f3mico entre China y M\u00e9xico<\/h2>\n<\/div><\/div>\n\n\n\n<div style=\"height:50px\" aria-hidden=\"true\" class=\"wp-block-spacer\"><\/div>\n\n\n\n<div class=\"wp-block-columns is-layout-flex wp-container-15 wp-block-columns-is-layout-flex\">\n<div class=\"wp-block-column is-layout-flow wp-block-column-is-layout-flow\">\n<p class=\"has-nv-dark-bg-color has-text-color\">A lo largo de estos seis a\u00f1os, hemos establecido relaciones s\u00f3lidas y duraderas tanto en China como en M\u00e9xico.  Nos enorgullece haber ayudado a numerosas empresas a expandir sus horizontes y a encontrar \u00e9xito en el mercado chino.<\/p>\n\n\n\n<p class=\"has-nv-dark-bg-color has-text-color\">Como Red Dragon, hemos superado desaf\u00edos y hemos aprendido de cada experiencia. Hemos construido una empresa que valora la resiliencia, la innovaci\u00f3n y la pasi\u00f3n por el comercio internacional. Nuestra historia es un testimonio de nuestro compromiso inquebrantable con nuestros clientes y nuestra capacidad para adaptarnos y crecer en tiempos dif\u00edciles.<\/p>\n\n\n\n<p class=\"has-neve-text-color-color has-text-color\">Mirando hacia el futuro, seguimos impulsados por nuestra misi\u00f3n original de facilitar las importaciones desde China a M\u00e9xico y fortalecer los lazos comerciales entre estas dos naciones. Nos comprometemos a seguir navegando por las aguas del comercio internacional, con la confianza y la determinaci\u00f3n de un verdadero drag\u00f3n, siempre listos para enfrentar cualquier desaf\u00edo que se presente en nuestro camino.<\/p>\n<\/div>\n\n\n\n<div class=\"wp-block-column is-layout-flow wp-block-column-is-layout-flow\">\n<div class=\"wp-block-cover is-light\" style=\"min-height:486px\"><span aria-hidden=\"true\" class=\"wp-block-cover__background has-background-dim-0 has-background-dim\"><\/span><img decoding=\"async\" loading=\"lazy\" width=\"960\" height=\"1280\" class=\"wp-block-cover__image-background wp-image-456\" alt=\"\" src=\"https:\/\/reddragonmx.com\/wp-content\/uploads\/2023\/06\/WhatsApp-Image-2023-06-08-at-9.02.39-PM.jpeg\" style=\"object-position:56% 89%\" data-object-fit=\"cover\" data-object-position=\"56% 89%\" srcset=\"https:\/\/reddragonmx.com\/wp-content\/uploads\/2023\/06\/WhatsApp-Image-2023-06-08-at-9.02.39-PM.jpeg 960w, https:\/\/reddragonmx.com\/wp-content\/uploads\/2023\/06\/WhatsApp-Image-2023-06-08-at-9.02.39-PM-225x300.jpeg 225w, https:\/\/reddragonmx.com\/wp-content\/uploads\/2023\/06\/WhatsApp-Image-2023-06-08-at-9.02.39-PM-768x1024.jpeg 768w\" sizes=\"(max-width: 960px) 100vw, 960px\" \/><div class=\"wp-block-cover__inner-container is-layout-flow wp-block-cover-is-layout-flow\">\n<p class=\"has-text-align-center has-large-font-size\"><\/p>\n<\/div><\/div>\n<\/div>\n<\/div>\n\n\n\n<div class=\"wp-block-cover alignfull\" style=\"min-height:600px\"><span aria-hidden=\"true\" class=\"wp-block-cover__background has-nv-light-bg-background-color has-background-dim-100 has-background-dim\"><\/span><div class=\"wp-block-cover__inner-container is-layout-flow wp-block-cover-is-layout-flow\">\n<div class=\"wp-block-group is-layout-constrained wp-block-group-is-layout-constrained\"><div class=\"wp-block-group__inner-container\">\n<div style=\"height:80px\" aria-hidden=\"true\" class=\"wp-block-spacer\"><\/div>\n\n\n\n<h2 class=\"wp-block-heading has-neve-link-color-color has-text-color\">Vis\u00edtanos o cont\u00e1ctanos<\/h2>\n\n\n\n<div class=\"wp-block-group is-layout-constrained wp-block-group-is-layout-constrained\"><div class=\"wp-block-group__inner-container\">\n<div class=\"wp-block-columns is-layout-flex wp-container-21 wp-block-columns-is-layout-flex\">\n<div class=\"wp-block-column is-layout-flow wp-block-column-is-layout-flow\">\n<iframe src=\"https:\/\/www.google.com\/maps\/embed?pb=!1m14!1m8!1m3!1d15090.377558663551!2d-98.2771888!3d18.9935125!3m2!1i1024!2i768!4f13.1!3m3!1m2!1s0x85cfb87061aaff97%3A0x308f6747763f53b3!2sRed%20Dragon!5e0!3m2!1ses-419!2smx!4v1686276999939!5m2!1ses-419!2smx\" width=\"600\" height=\"450\" style=\"border:0;\" allowfullscreen=\"\" loading=\"lazy\" referrerpolicy=\"no-referrer-when-downgrade\"><\/iframe>\n<\/div>\n\n\n\n<div class=\"wp-block-column is-layout-flow wp-block-column-is-layout-flow\">\n<div class=\"wp-block-group is-vertical is-layout-flex wp-container-17 wp-block-group-is-layout-flex\">\n<p class=\"has-nv-dark-bg-color has-text-color\">P.\u00ba Opera #9, Lomas de Angel\u00f3polis, Cholula, Pue.<\/p>\n\n\n\n<p class=\"has-nv-dark-bg-color has-text-color\">Horario de antenci\u00f3n: Lunes a viernes, de 9 am a 7 pm.<\/p>\n\n\n\n<p class=\"has-nv-dark-bg-color has-text-color\">Tel: 222 241 9176<\/p>\n\n\n\n<div style=\"height:30px\" aria-hidden=\"true\" class=\"wp-block-spacer\"><\/div>\n<\/div>\n\n\n\n<div class=\"wp-block-group is-nowrap is-layout-flex wp-container-19 wp-block-group-is-layout-flex\">\n<div class=\"wp-block-buttons alignwide is-horizontal is-content-justification-left is-layout-flex wp-container-18 wp-block-buttons-is-layout-flex\">\n<div class=\"wp-block-button is-style-secondary\"><a class=\"wp-block-button__link has-neve-link-color-color has-text-color wp-element-button\" href=\"https:\/\/api.whatsapp.com\/send?phone=5212211760766\">WHATSAPP<\/a><\/div>\n\n\n\n<div class=\"wp-block-button is-style-secondary\"><a class=\"wp-block-button__link has-neve-link-color-color has-text-color wp-element-button\" href=\"mailto:hola@reddragonmx.com\">EMAIL<\/a><\/div>\n<\/div>\n<\/div>\n<\/div>\n<\/div>\n<\/div><\/div>\n\n\n\n<div style=\"height:40px\" aria-hidden=\"true\" class=\"wp-block-spacer\"><\/div>\n<\/div><\/div>\n<\/div><\/div>\n\n\n\n<div class=\"wp-block-cover alignfull\" style=\"min-height:364px\"><span aria-hidden=\"true\" class=\"wp-block-cover__background has-background-dim-100 has-background-dim\" style=\"background-color:#1d1d2c\"><\/span><div class=\"wp-block-cover__inner-container is-layout-flow wp-block-cover-is-layout-flow\">\n<div style=\"height:70px\" aria-hidden=\"true\" class=\"wp-block-spacer\"><\/div>\n\n\n\n<div class=\"wp-block-columns alignwide is-layout-flex wp-container-32 wp-block-columns-is-layout-flex\">\n<div class=\"wp-block-column is-layout-flow wp-block-column-is-layout-flow\">\n<p>P.\u00ba Opera #9, Lomas de Angel\u00f3polis, Cholula, Pue.<\/p>\n\n\n\n<div class=\"wp-block-group is-vertical is-layout-flex wp-container-25 wp-block-group-is-layout-flex\">\n<p><a href=\"https:\/\/reddragonmx.com\/index.php\/nosotros\/\">Inicio<\/a><\/p>\n\n\n\n<p><a href=\"https:\/\/reddragonmx.com\/index.php\/import\/\">Importaciones<\/a><\/p>\n\n\n\n<p><a href=\"https:\/\/reddragonmx.com\/index.php\/viajes\/\">Viajes a China<\/a><\/p>\n<\/div>\n<\/div>\n\n\n\n<div class=\"wp-block-column is-layout-flow wp-block-column-is-layout-flow\">\n<p>Sitios destacados.<\/p>\n\n\n\n<div class=\"wp-block-group is-vertical is-layout-flex wp-container-27 wp-block-group-is-layout-flex\">\n<p><a href=\"https:\/\/www.gob.mx\/sre\">Secretar\u00eda de Relaciones Exteriores<\/a><\/p>\n\n\n\n<p><a href=\"http:\/\/mx.china-embassy.gov.cn\/esp\/\">Consulado Chino en M\u00e9xico<\/a><\/p>\n\n\n\n<p><a href=\"https:\/\/www.cantonfair.org.cn\/en-US\">Feria de Cant\u00f3n<\/a><\/p>\n<\/div>\n<\/div>\n\n\n\n<div class=\"wp-block-column is-layout-flow wp-block-column-is-layout-flow\">\n<p>S\u00edguenos en:<\/p>\n\n\n\n<ul class=\"wp-block-social-links has-icon-color is-style-logos-only is-layout-flex wp-block-social-links-is-layout-flex\"><li style=\"color: var(--nv-primary-accent); \" class=\"wp-social-link wp-social-link-facebook has-neve-link-color-color wp-block-social-link\"><a href=\"https:\/\/www.facebook.com\/reddragonimport\/\" class=\"wp-block-social-link-anchor\"><svg width=\"24\" height=\"24\" viewBox=\"0 0 24 24\" version=\"1.1\" xmlns=\"http:\/\/www.w3.org\/2000\/svg\" aria-hidden=\"true\" focusable=\"false\"><path d=\"M12 2C6.5 2 2 6.5 2 12c0 5 3.7 9.1 8.4 9.9v-7H7.9V12h2.5V9.8c0-2.5 1.5-3.9 3.8-3.9 1.1 0 2.2.2 2.2.2v2.5h-1.3c-1.2 0-1.6.8-1.6 1.6V12h2.8l-.4 2.9h-2.3v7C18.3 21.1 22 17 22 12c0-5.5-4.5-10-10-10z\"><\/path><\/svg><span class=\"wp-block-social-link-label screen-reader-text\">Facebook<\/span><\/a><\/li>\n\n<li style=\"color: var(--nv-primary-accent); \" class=\"wp-social-link wp-social-link-instagram has-neve-link-color-color wp-block-social-link\"><a href=\"https:\/\/www.instagram.com\/reddragonimport\/\" class=\"wp-block-social-link-anchor\"><svg width=\"24\" height=\"24\" viewBox=\"0 0 24 24\" version=\"1.1\" xmlns=\"http:\/\/www.w3.org\/2000\/svg\" aria-hidden=\"true\" focusable=\"false\"><path d=\"M12,4.622c2.403,0,2.688,0.009,3.637,0.052c0.877,0.04,1.354,0.187,1.671,0.31c0.42,0.163,0.72,0.358,1.035,0.673 c0.315,0.315,0.51,0.615,0.673,1.035c0.123,0.317,0.27,0.794,0.31,1.671c0.043,0.949,0.052,1.234,0.052,3.637 s-0.009,2.688-0.052,3.637c-0.04,0.877-0.187,1.354-0.31,1.671c-0.163,0.42-0.358,0.72-0.673,1.035 c-0.315,0.315-0.615,0.51-1.035,0.673c-0.317,0.123-0.794,0.27-1.671,0.31c-0.949,0.043-1.233,0.052-3.637,0.052 s-2.688-0.009-3.637-0.052c-0.877-0.04-1.354-0.187-1.671-0.31c-0.42-0.163-0.72-0.358-1.035-0.673 c-0.315-0.315-0.51-0.615-0.673-1.035c-0.123-0.317-0.27-0.794-0.31-1.671C4.631,14.688,4.622,14.403,4.622,12 s0.009-2.688,0.052-3.637c0.04-0.877,0.187-1.354,0.31-1.671c0.163-0.42,0.358-0.72,0.673-1.035 c0.315-0.315,0.615-0.51,1.035-0.673c0.317-0.123,0.794-0.27,1.671-0.31C9.312,4.631,9.597,4.622,12,4.622 M12,3 C9.556,3,9.249,3.01,8.289,3.054C7.331,3.098,6.677,3.25,6.105,3.472C5.513,3.702,5.011,4.01,4.511,4.511 c-0.5,0.5-0.808,1.002-1.038,1.594C3.25,6.677,3.098,7.331,3.054,8.289C3.01,9.249,3,9.556,3,12c0,2.444,0.01,2.751,0.054,3.711 c0.044,0.958,0.196,1.612,0.418,2.185c0.23,0.592,0.538,1.094,1.038,1.594c0.5,0.5,1.002,0.808,1.594,1.038 c0.572,0.222,1.227,0.375,2.185,0.418C9.249,20.99,9.556,21,12,21s2.751-0.01,3.711-0.054c0.958-0.044,1.612-0.196,2.185-0.418 c0.592-0.23,1.094-0.538,1.594-1.038c0.5-0.5,0.808-1.002,1.038-1.594c0.222-0.572,0.375-1.227,0.418-2.185 C20.99,14.751,21,14.444,21,12s-0.01-2.751-0.054-3.711c-0.044-0.958-0.196-1.612-0.418-2.185c-0.23-0.592-0.538-1.094-1.038-1.594 c-0.5-0.5-1.002-0.808-1.594-1.038c-0.572-0.222-1.227-0.375-2.185-0.418C14.751,3.01,14.444,3,12,3L12,3z M12,7.378 c-2.552,0-4.622,2.069-4.622,4.622S9.448,16.622,12,16.622s4.622-2.069,4.622-4.622S14.552,7.378,12,7.378z M12,15 c-1.657,0-3-1.343-3-3s1.343-3,3-3s3,1.343,3,3S13.657,15,12,15z M16.804,6.116c-0.596,0-1.08,0.484-1.08,1.08 s0.484,1.08,1.08,1.08c0.596,0,1.08-0.484,1.08-1.08S17.401,6.116,16.804,6.116z\"><\/path><\/svg><span class=\"wp-block-social-link-label screen-reader-text\">Instagram<\/span><\/a><\/li>\n\n<li style=\"color: var(--nv-primary-accent); \" class=\"wp-social-link wp-social-link-whatsapp has-neve-link-color-color wp-block-social-link\"><a href=\"https:\/\/api.whatsapp.com\/send?phone=5212211760766\" class=\"wp-block-social-link-anchor\"><svg width=\"24\" height=\"24\" viewBox=\"0 0 24 24\" version=\"1.1\" xmlns=\"http:\/\/www.w3.org\/2000\/svg\" aria-hidden=\"true\" focusable=\"false\"><path d=\"M 12.011719 2 C 6.5057187 2 2.0234844 6.478375 2.0214844 11.984375 C 2.0204844 13.744375 2.4814687 15.462563 3.3554688 16.976562 L 2 22 L 7.2324219 20.763672 C 8.6914219 21.559672 10.333859 21.977516 12.005859 21.978516 L 12.009766 21.978516 C 17.514766 21.978516 21.995047 17.499141 21.998047 11.994141 C 22.000047 9.3251406 20.962172 6.8157344 19.076172 4.9277344 C 17.190172 3.0407344 14.683719 2.001 12.011719 2 z M 12.009766 4 C 14.145766 4.001 16.153109 4.8337969 17.662109 6.3417969 C 19.171109 7.8517969 20.000047 9.8581875 19.998047 11.992188 C 19.996047 16.396187 16.413812 19.978516 12.007812 19.978516 C 10.674812 19.977516 9.3544062 19.642812 8.1914062 19.007812 L 7.5175781 18.640625 L 6.7734375 18.816406 L 4.8046875 19.28125 L 5.2851562 17.496094 L 5.5019531 16.695312 L 5.0878906 15.976562 C 4.3898906 14.768562 4.0204844 13.387375 4.0214844 11.984375 C 4.0234844 7.582375 7.6067656 4 12.009766 4 z M 8.4765625 7.375 C 8.3095625 7.375 8.0395469 7.4375 7.8105469 7.6875 C 7.5815469 7.9365 6.9355469 8.5395781 6.9355469 9.7675781 C 6.9355469 10.995578 7.8300781 12.182609 7.9550781 12.349609 C 8.0790781 12.515609 9.68175 15.115234 12.21875 16.115234 C 14.32675 16.946234 14.754891 16.782234 15.212891 16.740234 C 15.670891 16.699234 16.690438 16.137687 16.898438 15.554688 C 17.106437 14.971687 17.106922 14.470187 17.044922 14.367188 C 16.982922 14.263188 16.816406 14.201172 16.566406 14.076172 C 16.317406 13.951172 15.090328 13.348625 14.861328 13.265625 C 14.632328 13.182625 14.464828 13.140625 14.298828 13.390625 C 14.132828 13.640625 13.655766 14.201187 13.509766 14.367188 C 13.363766 14.534188 13.21875 14.556641 12.96875 14.431641 C 12.71875 14.305641 11.914938 14.041406 10.960938 13.191406 C 10.218937 12.530406 9.7182656 11.714844 9.5722656 11.464844 C 9.4272656 11.215844 9.5585938 11.079078 9.6835938 10.955078 C 9.7955938 10.843078 9.9316406 10.663578 10.056641 10.517578 C 10.180641 10.371578 10.223641 10.267562 10.306641 10.101562 C 10.389641 9.9355625 10.347156 9.7890625 10.285156 9.6640625 C 10.223156 9.5390625 9.737625 8.3065 9.515625 7.8125 C 9.328625 7.3975 9.131125 7.3878594 8.953125 7.3808594 C 8.808125 7.3748594 8.6425625 7.375 8.4765625 7.375 z\"><\/path><\/svg><span class=\"wp-block-social-link-label screen-reader-text\">WhatsApp<\/span><\/a><\/li><\/ul>\n\n\n\n<div class=\"wp-block-group is-vertical is-layout-flex wp-container-30 wp-block-group-is-layout-flex\">\n<p>Tel: 222 241 9176<\/p>\n\n\n\n<p><a href=\"mailto:hola@reddragonmx.com\">hola@reddragonmx.com<\/a><\/p>\n<\/div>\n<\/div>\n<\/div>\n\n\n\n<div style=\"height:40px\" aria-hidden=\"true\" class=\"wp-block-spacer\"><\/div>\n<\/div><\/div>\n","protected":false},"excerpt":{"rendered":"<p>A lo largo de estos seis a\u00f1os, hemos establecido relaciones s\u00f3lidas y duraderas tanto en China como en M\u00e9xico. Nos enorgullece haber ayudado a numerosas empresas a expandir sus horizontes y a encontrar \u00e9xito en el mercado chino. Como Red Dragon, hemos superado desaf\u00edos y hemos aprendido de cada experiencia. Hemos construido una empresa que&hellip;&nbsp;<a href=\"https:\/\/reddragonmx.com\/index.php\/nosotros\/\" rel=\"bookmark\">Leer m\u00e1s &raquo;<span class=\"screen-reader-text\">Nosotros<\/span><\/a><\/p>\n","protected":false},"author":1,"featured_media":0,"parent":0,"menu_order":0,"comment_status":"closed","ping_status":"closed","template":"","meta":{"neve_meta_sidebar":"","neve_meta_container":"","neve_meta_enable_content_width":"on","neve_meta_content_width":100,"neve_meta_title_alignment":"","neve_meta_author_avatar":"","neve_post_elements_order":"","neve_meta_disable_header":"","neve_meta_disable_footer":"","neve_meta_disable_title":"on","footnotes":""},"_links":{"self":[{"href":"https:\/\/reddragonmx.com\/index.php\/wp-json\/wp\/v2\/pages\/7"}],"collection":[{"href":"https:\/\/reddragonmx.com\/index.php\/wp-json\/wp\/v2\/pages"}],"about":[{"href":"https:\/\/reddragonmx.com\/index.php\/wp-json\/wp\/v2\/types\/page"}],"author":[{"embeddable":true,"href":"https:\/\/reddragonmx.com\/index.php\/wp-json\/wp\/v2\/users\/1"}],"replies":[{"embeddable":true,"href":"https:\/\/reddragonmx.com\/index.php\/wp-json\/wp\/v2\/comments?post=7"}],"version-history":[{"count":74,"href":"https:\/\/reddragonmx.com\/index.php\/wp-json\/wp\/v2\/pages\/7\/revisions"}],"predecessor-version":[{"id":1058,"href":"https:\/\/reddragonmx.com\/index.php\/wp-json\/wp\/v2\/pages\/7\/revisions\/1058"}],"wp:attachment":[{"href":"https:\/\/reddragonmx.com\/index.php\/wp-json\/wp\/v2\/media?parent=7"}],"curies":[{"name":"wp","href":"https:\/\/api.w.org\/{rel}","templated":true}]}}